{"id":4047,"date":"2017-12-10T19:28:41","date_gmt":"2017-12-10T19:28:41","guid":{"rendered":"https:\/\/airtifact.heythemers.com\/?page_id=4047"},"modified":"2023-08-15T16:22:40","modified_gmt":"2023-08-15T16:22:40","slug":"contact","status":"publish","type":"page","link":"https:\/\/digietab.com\/fr\/contact\/","title":{"rendered":"Get in Touch"},"content":{"rendered":"<div class=\"grid kcm\">\n<div class=\"grid__item one-twelfth portable--auto lap--auto palm--auto top-no-padding bottom-no-padding\"><\/div>\n<div class=\"grid__item three-twelfths portable--auto lap--auto palm--auto top-no-padding bottom-no-padding\">\n<p><span style=\"font-size: 13px;\"><sup>1<\/sup>nous sommes toujours \u00e0 la recherche de nouveaux talents<\/span><\/p>\n<p><figure class=\"lazyload-container\"><noscript><img class=\"wp-image-8730 size-full alignleft lazyload ll\" alt=\"\" src=\"https:\/\/digietab.com\/wp-content\/uploads\/2022\/04\/ethos2.gif\"><\/noscript><img loading=\"lazy\" decoding=\"async\" class=\"wp-image-8730 size-full alignleft lazyload ll\" alt=\"\" width=\"630\" height=\"550\" data-src=\"https:\/\/digietab.com\/wp-content\/uploads\/2022\/04\/ethos2.gif\"><\/figure><\/p>\n<\/div>\n<div class=\"grid__item six-twelfths portable--auto lap--auto palm--auto top-no-padding bottom-small-padding\">\n<h2 class=\"p1\"><span class=\"weight_light\"><span class=\"s1\">Agence DigieTab - Travaillez avec nous<\/span><span class=\"s2\"><sup>(1)<\/sup><\/span><span class=\"s1\"> pour une approche de construction de produits digital et d'exp\u00e9riences de branding solides. Nous ne croyons pas aux dieux du cloud, aux pirates informatiques ou aux ninjas du d\u00e9veloppement.<\/span><span class=\"s1\">Juste du travail acharn\u00e9, des \u00e9checs et des r\u00e9p\u00e9titions. Peu importe ce que vous faites, faites-le simplement.<\/span><\/span><\/h2>\n<p>&nbsp;<\/p>\n<h2 class=\"p1\"><span class=\"weight_light\"><span class=\"s1\">Avec un int\u00e9r\u00eat particulier pour une connaissance approfondie, de nouvelles m\u00e9thodes de r\u00e9flexion design et des approches collaboratives. Nous sommes bas\u00e9s en Tunisie,<\/span><span class=\"s1\">avec des clients du monde entier et des gens de l'espace ext\u00e9rieur qui viennent nous voir souvent.<\/span><\/span><\/h2>\n<p>&nbsp;<\/p>\n<h2 class=\"p1\"><span class=\"s1 weight_light\">Nous sommes toujours pr\u00eats \u00e0 vous entendre pour de nouvelles opportunit\u00e9s commerciales, des demandes g\u00e9n\u00e9rales ou toute forme d'assistance dont vous pourriez avoir besoin. Laissez-nous simplement cr\u00e9er votre prochain projet incroyable ensemble, d\u00e8s maintenant.<\/span><\/h2>\n<\/div>\n<div class=\"grid__item four-twelfths portable--auto lap--auto palm--auto top-no-padding bottom-no-padding\"><\/div>\n<div class=\"grid__item three-twelfths portable--auto lap--auto palm--auto top-no-padding bottom-no-padding\">\n<h3 class=\"p1\"><span class=\"s1 weight_bold type_second\">Demandes g\u00e9n\u00e9rales<\/span><\/h3>\n<p>hey@digietab.tn<\/p>\n<\/div>\n<div class=\"grid__item four-twelfths portable--auto lap--auto palm--auto top-no-padding bottom-no-padding\">\n<h3 class=\"p1\"><span class=\"type_second\">Rejoignez notre \u00e9quipe<\/span><\/h3>\n<p>jobs@digietab.tn<\/p>\n<\/div>\n<div class=\"grid__item three-twelfths portable--auto lap--auto palm--auto top-no-padding bottom-no-padding\"><\/div>\n<div class=\"grid__item three-twelfths portable--auto lap--auto palm--auto top-medium-padding bottom-no-padding circled-img\">\n<figure id=\"attachment_4069\" aria-describedby=\"caption-attachment-4069\" style=\"width: 575px\" class=\"wp-caption alignnone\"><a class=\"no-ajax-link\" href=\"#open-map\"><img loading=\"lazy\" decoding=\"async\" class=\"text-link wp-image-4069 size-full\" title=\"Open Map\" src=\"https:\/\/digietab.com\/wp-content\/uploads\/2022\/04\/wordpress-theme-creative-contact-page.jpg\" alt=\"View Map\" width=\"575\" height=\"575\"><\/a><figcaption id=\"caption-attachment-4069\" class=\"wp-caption-text\">Open in Map<\/figcaption><\/figure><\/div>\n<div class=\"grid__item half-twelfth portable--auto lap--auto palm--auto top-no-padding bottom-no-padding\"><\/div>\n<div class=\"grid__item three-twelfths portable--auto lap--auto palm--auto top-medium-padding bottom-no-padding circled-img\">\n<p><div class=\"lazyload-container ratio-enabled\" style=\"max-width:586px\"><figure class=\"lazyload-container\" data-align=\"none\" style=\"padding-top:100%\"><noscript><img class=\"text-link alignnone wp-image-9340 size-full lazyload ll\" alt=\"\" src=\"https:\/\/digietab.com\/wp-content\/uploads\/2023\/08\/portfolio-wordpress-theme-contact-page.webp\"><\/noscript><img loading=\"lazy\" decoding=\"async\" class=\"text-link alignnone wp-image-9340 size-full lazyload ll\" title=\"About Us\" alt=\"\" width=\"586\" height=\"586\" data-sizes=\"auto, (max-width: 586px) 100vw, 586px\" data-srcset=\"https:\/\/digietab.com\/wp-content\/uploads\/2023\/08\/portfolio-wordpress-theme-contact-page.webp 586w, https:\/\/digietab.com\/wp-content\/uploads\/2023\/08\/portfolio-wordpress-theme-contact-page-300x300.webp 300w, https:\/\/digietab.com\/wp-content\/uploads\/2023\/08\/portfolio-wordpress-theme-contact-page-150x150.webp 150w, https:\/\/digietab.com\/wp-content\/uploads\/2023\/08\/portfolio-wordpress-theme-contact-page-12x12.webp 12w\"><\/figure><\/div><\/p>\n<\/div>\n<div class=\"grid__item one-whole portable--auto lap--auto palm--auto top-medium-padding bottom-small-padding\"><\/div>\n<div class=\"grid__item two-twelfths portable--auto lap--auto palm--auto top-no-padding bottom-no-padding\"><\/div>\n<div class=\"grid__item four-twelfths portable--auto lap--auto palm--auto top-no-padding bottom-small-padding\">\n<h2 class=\"p1\"><span class=\"s1 weight_bold type_second\">dites Hello<\/span><span class=\"s2 weight_lighter\"> Si vous souhaitez fournir des informations suppl\u00e9mentaires, n'h\u00e9sitez pas \u00e0 remplir ce formulaire. Nous adorons dire \u00ab Heylo \u00bb.<\/span><\/h2>\n<\/div>\n<div class=\"grid__item five-twelfths portable--auto lap--auto palm--auto top-no-padding bottom-no-padding\"><\/div>\n<div class=\"grid__item two-twelfths portable--auto lap--auto palm--auto top-small-padding bottom-no-padding\"><\/div>\n<div class=\"grid__item eight-twelfths portable--auto lap--auto palm--auto top-no-padding bottom-no-padding\">\n<div role=\"form\" class=\"wpcf7\" id=\"wpcf7-f5196-o1\" lang=\"en-US\" dir=\"ltr\">\n<div class=\"screen-reader-response\"><p role=\"status\" aria-live=\"polite\" aria-atomic=\"true\"><\/p> <ul><\/ul><\/div>\n<form action=\"\/fr\/wp-json\/wp\/v2\/pages\/4047#wpcf7-f5196-o1\" method=\"post\" class=\"wpcf7-form init\" novalidate=\"novalidate\" data-status=\"init\" data-trp-original-action=\"\/fr\/wp-json\/wp\/v2\/pages\/4047#wpcf7-f5196-o1\">\n<div style=\"display: none;\">\n<input type=\"hidden\" name=\"_wpcf7\" value=\"5196\"><input type=\"hidden\" name=\"_wpcf7_version\" value=\"5.5.6.1\"><input type=\"hidden\" name=\"_wpcf7_locale\" value=\"en_US\"><input type=\"hidden\" name=\"_wpcf7_unit_tag\" value=\"wpcf7-f5196-o1\"><input type=\"hidden\" name=\"_wpcf7_container_post\" value=\"0\"><input type=\"hidden\" name=\"_wpcf7_posted_data_hash\" value=\"\"><input type=\"hidden\" name=\"_wpcf7_recaptcha_response\" value=\"\"><\/div>\n<div class=\"form-columns artiform grid\">\n<div class=\"grid__item one-half\">\n      <span class=\"wpcf7-form-control-wrap your-name\"><input type=\"text\" name=\"your-name\" value=\"\" size=\"40\" class=\"wpcf7-form-control wpcf7-text wpcf7-validates-as-required\" aria-required=\"true\" aria-invalid=\"false\" placeholder=\"Nom\"><\/span>\n   <\/div>\n<div class=\"grid__item one-half\">\n      <span class=\"wpcf7-form-control-wrap your-phone\"><input type=\"text\" name=\"your-phone\" value=\"\" size=\"40\" class=\"wpcf7-form-control wpcf7-text wpcf7-validates-as-required\" aria-required=\"true\" aria-invalid=\"false\" placeholder=\"T\u00e9l\u00e9phone\"><\/span>\n   <\/div>\n<div class=\"grid__item one-half\">\n      <span class=\"wpcf7-form-control-wrap your-email\"><input type=\"email\" name=\"your-email\" value=\"\" size=\"40\" class=\"wpcf7-form-control wpcf7-text wpcf7-email wpcf7-validates-as-required wpcf7-validates-as-email\" aria-required=\"true\" aria-invalid=\"false\" placeholder=\"Email\"><\/span>\n   <\/div>\n<div class=\"grid__item one-half\">\n      <span class=\"wpcf7-form-control-wrap menu-731\"><select name=\"menu-731\" class=\"wpcf7-form-control wpcf7-select wpcf7-validates-as-required\" id=\"arti-select\" aria-required=\"true\" aria-invalid=\"false\"><option value=\"Topic\">Sujet<\/option><option value=\"Budget\">Budget<\/option><option value=\"General\">General<\/option><option value=\"Heylo\">Heylo<\/option><option value=\"Project Enquire\">Project Enquire<\/option><option value=\"Work Progress\">Work Progress<\/option><\/select><\/span><br><span class=\"select-underline\"><\/span>\n   <\/div>\n<div class=\"grid__item last one-whole\">\n      <span class=\"wpcf7-form-control-wrap textarea\"><textarea name=\"textarea\" cols=\"40\" rows=\"10\" class=\"wpcf7-form-control wpcf7-textarea wpcf7-validates-as-required\" aria-required=\"true\" aria-invalid=\"false\" placeholder=\"Message\"><\/textarea><\/span>\n   <\/div>\n<div class=\"grid__item one-whole\">\n      <span class=\"arti-send-btn\"><input type=\"submit\" value=\"Send\" class=\"wpcf7-form-control has-spinner wpcf7-submit\"><span class=\"arti-send-arrow\">&rarr;<\/span><\/span>\n<div class=\"acceptance-check\"><span class=\"wpcf7-form-control-wrap acceptance-188\"><span class=\"wpcf7-form-control wpcf7-acceptance\"><span class=\"wpcf7-list-item\"><label><input type=\"checkbox\" name=\"acceptance-188\" value=\"1\" aria-invalid=\"false\" id=\"check-notice\"><span class=\"wpcf7-list-item-label\">Je suis d'accord avec les termes g\u00e9n\u00e9raux<\/span><\/label><\/span><\/span><\/span><\/div>\n<\/div>\n<\/div>\n<div class=\"wpcf7-response-output\" aria-hidden=\"true\"><\/div><input type=\"hidden\" name=\"trp-form-language\" value=\"fr\"\/><\/form><\/div>\n<\/div>\n<div class=\"grid__item two-twelfths portable--auto lap--auto palm--auto top-no-padding bottom-no-padding\"><\/div>\n<div class=\"grid__item one-whole portable--auto lap--auto palm--auto top-no-padding bottom-medium-padding\"><\/div>\n<\/div>","protected":false},"excerpt":{"rendered":"<p>1we are always looking for new talents DigieTab Agency &mdash; Work with us(1) for an approach to building digital products and strong branding experiences. We don&acute;t believe in cloud gods, hacking or dev ninjas. Just hard work , fail and repeat. No matter what you do, just do it. &nbsp; With special interest in deep [&hellip;]<\/p>","protected":false},"author":1,"featured_media":0,"parent":0,"menu_order":0,"comment_status":"closed","ping_status":"closed","template":"template-contact.php","meta":{"footnotes":""},"class_list":["post-4047","page","type-page","status-publish","hentry"],"yoast_head":"<!-- This site is optimized with the Yoast SEO Premium plugin v20.4 (Yoast SEO v20.4) - https:\/\/yoast.com\/wordpress\/plugins\/seo\/ -->\n<title>Get in Touch | DigieTab<\/title>\n<meta name=\"robots\" content=\"index, follow, max-snippet:-1, max-image-preview:large, max-video-preview:-1\" \/>\n<link rel=\"canonical\" href=\"https:\/\/digietab.com\/fr\/contact\/\" \/>\n<meta property=\"og:locale\" content=\"fr_FR\" \/>\n<meta property=\"og:type\" content=\"article\" \/>\n<meta property=\"og:title\" content=\"Get in Touch\" \/>\n<meta property=\"og:description\" content=\"1we are always looking for new talents DigieTab Agency &mdash; Work with us(1) for an approach to building digital products and strong branding experiences. We don&acute;t believe in cloud gods, hacking or dev ninjas. Just hard work , fail and repeat. No matter what you do, just do it. &nbsp; With special interest in deep [&hellip;]\" \/>\n<meta property=\"og:url\" content=\"https:\/\/digietab.com\/fr\/contact\/\" \/>\n<meta property=\"og:site_name\" content=\"DigieTab\" \/>\n<meta property=\"article:modified_time\" content=\"2023-08-15T16:22:40+00:00\" \/>\n<meta property=\"og:image\" content=\"https:\/\/digietab.com\/wp-content\/uploads\/2022\/04\/ethos2.gif\" \/>\n<meta name=\"twitter:card\" content=\"summary_large_image\" \/>\n<meta name=\"twitter:label1\" content=\"Dur\u00e9e de lecture estim\u00e9e\" \/>\n\t<meta name=\"twitter:data1\" content=\"2 minutes\" \/>\n<script type=\"application\/ld+json\" class=\"yoast-schema-graph\">{\"@context\":\"https:\/\/schema.org\",\"@graph\":[{\"@type\":\"WebPage\",\"@id\":\"https:\/\/digietab.com\/contact\/\",\"url\":\"https:\/\/digietab.com\/contact\/\",\"name\":\"Get in Touch | DigieTab\",\"isPartOf\":{\"@id\":\"https:\/\/digietab.com\/#website\"},\"datePublished\":\"2017-12-10T19:28:41+00:00\",\"dateModified\":\"2023-08-15T16:22:40+00:00\",\"breadcrumb\":{\"@id\":\"https:\/\/digietab.com\/contact\/#breadcrumb\"},\"inLanguage\":\"fr-FR\",\"potentialAction\":[{\"@type\":\"ReadAction\",\"target\":[\"https:\/\/digietab.com\/contact\/\"]}]},{\"@type\":\"BreadcrumbList\",\"@id\":\"https:\/\/digietab.com\/contact\/#breadcrumb\",\"itemListElement\":[{\"@type\":\"ListItem\",\"position\":1,\"name\":\"Home\",\"item\":\"https:\/\/digietab.com\/\"},{\"@type\":\"ListItem\",\"position\":2,\"name\":\"Get in Touch\"}]},{\"@type\":\"WebSite\",\"@id\":\"https:\/\/digietab.com\/#website\",\"url\":\"https:\/\/digietab.com\/\",\"name\":\"DigieTab\",\"description\":\"Creative Agency\",\"publisher\":{\"@id\":\"https:\/\/digietab.com\/#organization\"},\"potentialAction\":[{\"@type\":\"SearchAction\",\"target\":{\"@type\":\"EntryPoint\",\"urlTemplate\":\"https:\/\/digietab.com\/?s={search_term_string}\"},\"query-input\":\"required name=search_term_string\"}],\"inLanguage\":\"fr-FR\"},{\"@type\":\"Organization\",\"@id\":\"https:\/\/digietab.com\/#organization\",\"name\":\"DigieTab\",\"url\":\"https:\/\/digietab.com\/\",\"logo\":{\"@type\":\"ImageObject\",\"inLanguage\":\"fr-FR\",\"@id\":\"https:\/\/digietab.com\/#\/schema\/logo\/image\/\",\"url\":\"https:\/\/digietab.com\/wp-content\/uploads\/2022\/04\/logo-r3.png\",\"contentUrl\":\"https:\/\/digietab.com\/wp-content\/uploads\/2022\/04\/logo-r3.png\",\"width\":500,\"height\":212,\"caption\":\"DigieTab\"},\"image\":{\"@id\":\"https:\/\/digietab.com\/#\/schema\/logo\/image\/\"}}]}<\/script>\n<!-- \/ Yoast SEO Premium plugin. -->","yoast_head_json":{"title":"Get in Touch | DigieTab","robots":{"index":"index","follow":"follow","max-snippet":"max-snippet:-1","max-image-preview":"max-image-preview:large","max-video-preview":"max-video-preview:-1"},"canonical":"https:\/\/digietab.com\/fr\/contact\/","og_locale":"fr_FR","og_type":"article","og_title":"Get in Touch","og_description":"1we are always looking for new talents DigieTab Agency &mdash; Work with us(1) for an approach to building digital products and strong branding experiences. We don&acute;t believe in cloud gods, hacking or dev ninjas. Just hard work , fail and repeat. No matter what you do, just do it. &nbsp; With special interest in deep [&hellip;]","og_url":"https:\/\/digietab.com\/fr\/contact\/","og_site_name":"DigieTab","article_modified_time":"2023-08-15T16:22:40+00:00","og_image":[{"url":"https:\/\/digietab.com\/wp-content\/uploads\/2022\/04\/ethos2.gif"}],"twitter_card":"summary_large_image","twitter_misc":{"Dur\u00e9e de lecture estim\u00e9e":"2 minutes"},"schema":{"@context":"https:\/\/schema.org","@graph":[{"@type":"WebPage","@id":"https:\/\/digietab.com\/contact\/","url":"https:\/\/digietab.com\/contact\/","name":"Get in Touch | DigieTab","isPartOf":{"@id":"https:\/\/digietab.com\/#website"},"datePublished":"2017-12-10T19:28:41+00:00","dateModified":"2023-08-15T16:22:40+00:00","breadcrumb":{"@id":"https:\/\/digietab.com\/contact\/#breadcrumb"},"inLanguage":"fr-FR","potentialAction":[{"@type":"ReadAction","target":["https:\/\/digietab.com\/contact\/"]}]},{"@type":"BreadcrumbList","@id":"https:\/\/digietab.com\/contact\/#breadcrumb","itemListElement":[{"@type":"ListItem","position":1,"name":"Home","item":"https:\/\/digietab.com\/"},{"@type":"ListItem","position":2,"name":"Get in Touch"}]},{"@type":"WebSite","@id":"https:\/\/digietab.com\/#website","url":"https:\/\/digietab.com\/","name":"DigieTab","description":"Creative Agency","publisher":{"@id":"https:\/\/digietab.com\/#organization"},"potentialAction":[{"@type":"SearchAction","target":{"@type":"EntryPoint","urlTemplate":"https:\/\/digietab.com\/?s={search_term_string}"},"query-input":"required name=search_term_string"}],"inLanguage":"fr-FR"},{"@type":"Organization","@id":"https:\/\/digietab.com\/#organization","name":"DigieTab","url":"https:\/\/digietab.com\/","logo":{"@type":"ImageObject","inLanguage":"fr-FR","@id":"https:\/\/digietab.com\/#\/schema\/logo\/image\/","url":"https:\/\/digietab.com\/wp-content\/uploads\/2022\/04\/logo-r3.png","contentUrl":"https:\/\/digietab.com\/wp-content\/uploads\/2022\/04\/logo-r3.png","width":500,"height":212,"caption":"DigieTab"},"image":{"@id":"https:\/\/digietab.com\/#\/schema\/logo\/image\/"}}]}},"_links":{"self":[{"href":"https:\/\/digietab.com\/fr\/wp-json\/wp\/v2\/pages\/4047","targetHints":{"allow":["GET"]}}],"collection":[{"href":"https:\/\/digietab.com\/fr\/wp-json\/wp\/v2\/pages"}],"about":[{"href":"https:\/\/digietab.com\/fr\/wp-json\/wp\/v2\/types\/page"}],"author":[{"embeddable":true,"href":"https:\/\/digietab.com\/fr\/wp-json\/wp\/v2\/users\/1"}],"replies":[{"embeddable":true,"href":"https:\/\/digietab.com\/fr\/wp-json\/wp\/v2\/comments?post=4047"}],"version-history":[{"count":0,"href":"https:\/\/digietab.com\/fr\/wp-json\/wp\/v2\/pages\/4047\/revisions"}],"wp:attachment":[{"href":"https:\/\/digietab.com\/fr\/wp-json\/wp\/v2\/media?parent=4047"}],"curies":[{"name":"wp","href":"https:\/\/api.w.org\/{rel}","templated":true}]}}