{"id":3266,"date":"2017-11-14T08:13:29","date_gmt":"2017-11-14T08:13:29","guid":{"rendered":"https:\/\/airtifact.heythemers.com\/?page_id=3266"},"modified":"2023-08-09T10:17:34","modified_gmt":"2023-08-09T10:17:34","slug":"home","status":"publish","type":"page","link":"https:\/\/digietab.com\/fr\/","title":{"rendered":"DigieTab"},"content":{"rendered":"<div class=\"grid kcm\">\n<div class=\"grid__item two-twelfths portable--two-twelfths lap--hide palm--hide top-large-padding bottom-large-padding\"><\/div>\n<div class=\"grid__item three-twelfths portable--four-twelfths lap--seven-twelfths palm--auto top-large-padding bottom-no-padding no-link-style\">\n<h3 class=\"p1\"><span class=\"weight_bold\"><b>Pas de risque, pas de plaisir.<br>\nPas de plaisir, pas de succ\u00e8s.<\/b><\/span><\/h3>\n<h4 class=\"p1\"><span class=\"weight_light\">Dans un march\u00e9 mondial rempli de sites web, vous devez trouver un moyen appropri\u00e9 de communiquer les valeurs, les forces et la marque de votre projet.<\/span><\/h4>\n<p class=\"p1\"><span style=\"color: #787575;\">Certaines entreprises trainent encore les pieds lorsqu'il s'agit de mettre en \u0153uvre la transformation digital. Les technologies digital telles que les sites web, les applications en ligne, les r\u00e9seaux sociaux, le e-commerce, et bien plus encore, doivent faire partie int\u00e9grante de la nouvelle fa\u00e7on de travailler. Si vous pensez qu'il est trop risqu\u00e9 de num\u00e9riser votre entreprise, alors vous devriez y r\u00e9fl\u00e9chir encore.<\/span><\/p>\n<p class=\"p1\"><span style=\"color: #787575;\">Nombreux sont ceux qui ont entrepris cette transformation et en r\u00e9coltent pleinement les b\u00e9n\u00e9fices. Ainsi, prendre certains risques permettra de distinguer votre entreprise des autres. <\/span><\/p>\n<p class=\"p1\"><span style=\"color: #787575;\">Il vous suffit de franchir le premier pas et nos sp\u00e9cialistes Digietab vous accompagneront pour garantir une forte pr\u00e9sence en ligne de votre entreprise, attirer davantage de clients potentiels et dynamiser vos ventes.<br><\/span><\/p>\n<h6><\/h6>\n<\/div>\n<div class=\"grid__item half-twelfth portable--auto lap--hide palm--auto top-small-padding bottom-small-padding\"><\/div>\n<div class=\"grid__item six-twelfths portable--four-twelfths lap--four-twelfths palm--auto top-large-padding bottom-small-padding no-link-style\">\n<p><figure class=\"lazyload-container\" data-align=\"none\"><noscript><img class=\"size-full alignnone lazyload ll\" alt=\"\" src=\"https:\/\/digietab.com\/wp-content\/uploads\/2021\/10\/ethos3.gif\"><\/noscript><img decoding=\"async\" class=\"size-full alignnone lazyload ll\" alt=\"\" width=\"577!important\" height=\"577!important\" data-src=\"https:\/\/digietab.com\/wp-content\/uploads\/2021\/10\/ethos3.gif\"><\/figure><\/p>\n<\/div>\n<div class=\"grid__item half-twelfth portable--auto lap--hide palm--hide top-no-padding bottom-no-padding\"><\/div>\n<div class=\"grid__item four-twelfths portable--three-twelfths lap--hide palm--hide top-no-padding bottom-no-padding\"><\/div>\n<div class=\"grid__item four-twelfths portable--six-twelfths lap--one-whole palm--auto top-small-padding bottom-no-padding\">\n<h3 class=\"p1\"><span class=\"weight_bold\"><b>Nous vous mettons en relation avec votre public.<\/b><\/span><\/h3>\n<p class=\"p1\"><span style=\"color: #787575;\">Nous sommes une \u00e9quipe passionn\u00e9e ayant un objectif clair lors de la sortie des nouveaux produits digitaux. Nous souhaitons universaliser la pr\u00e9sence de nos clients, peu importe le canal ou le dispositif. Nos clients comptent sur nous lorsqu'ils recherchent de l'innovation, mais aussi parce qu'ils veulent les meilleures solutions dans ce nouveau monde num\u00e9rique incroyable. Nous croyons qu'il se produit quelque chose de puissant lorsque la marque et l'interaction se renforcent mutuellement.<br><strong>Le digital au c\u0153ur de l'action, nous cr\u00e9ons des marques, des produits et des exp\u00e9riences.<\/strong><\/span><\/p>\n<\/div>\n<div class=\"grid__item four-twelfths portable--two-twelfths lap--hide palm--hide top-no-padding bottom-no-padding\"><\/div>\n<div class=\"grid__item three-twelfths portable--two-twelfths lap--hide palm--hide top-no-padding bottom-no-padding\">\n<p><figure class=\"lazyload-container\" data-align=\"none\"><noscript><img class=\"size-full alignnone lazyload ll\" alt=\"\" src=\"https:\/\/digietab.com\/wp-content\/uploads\/2022\/04\/ethos1.gif\"><\/noscript><img decoding=\"async\" class=\"size-full alignnone lazyload ll\" alt=\"\" width=\"577!important\" height=\"577!important\" data-src=\"https:\/\/digietab.com\/wp-content\/uploads\/2022\/04\/ethos1.gif\"><\/figure><\/p>\n<\/div>\n<div class=\"grid__item two-twelfths portable--three-twelfths lap--six-twelfths palm--six-twelfths top-no-padding bottom-small-padding no-list-style\">\n<h3 class=\"p1\"><span class=\"weight_bold\"><b>L'image de marque<\/b><\/span><\/h3>\n<ul><li class=\"p1\"><span class=\"s1\" style=\"color: #787575;\">Strat\u00e9gie<\/span><\/li>\n<li class=\"p1\"><span class=\"s1\" style=\"color: #787575;\">nom de marque<\/span><\/li>\n<li class=\"p1\"><span class=\"s1\" style=\"color: #787575;\">Identit\u00e9 de la marque<\/span><\/li>\n<li class=\"p1\"><span class=\"s1\" style=\"color: #787575;\">Direction artistique<\/span><\/li>\n<li class=\"p1\"><span class=\"s1\" style=\"color: #787575;\">Conception graphique<\/span><\/li>\n<li class=\"p1\"><span class=\"s1\" style=\"color: #787575;\">Impression<\/span><\/li>\n<li class=\"p1\"><span class=\"s1\" style=\"color: #787575;\">Illustration &amp; iconographie<\/span><\/li>\n<li class=\"p1\"><span class=\"s1\" style=\"color: #787575;\">Contenu \/ vid\u00e9o<\/span><\/li>\n<\/ul><\/div>\n<div class=\"grid__item two-twelfths portable--three-twelfths lap--six-twelfths palm--six-twelfths top-no-padding bottom-no-padding no-list-style\">\n<h3 class=\"p1\"><span class=\"weight_bold\">Interactive<\/span><\/h3>\n<ul><li class=\"p1\"><span class=\"s1\" style=\"color: #787575;\">Conception cr\u00e9ative<\/span><\/li>\n<li class=\"p1\"><span class=\"s1\" style=\"color: #787575;\">User Experience<\/span><\/li>\n<li class=\"p1\"><span class=\"s1\" style=\"color: #787575;\">Architecture d'information<\/span><\/li>\n<li class=\"p1\"><span class=\"s1\" style=\"color: #787575;\">Conception des interfaces<\/span><\/li>\n<li class=\"p1\"><span class=\"s1\" style=\"color: #787575;\">Conception des produits<\/span><\/li>\n<li class=\"p1\"><span class=\"s1\" style=\"color: #787575;\">Conception Mobile &amp; Desktop<\/span><\/li>\n<li class=\"p1\"><span class=\"s1\" style=\"color: #787575;\">Motion Design<\/span><\/li>\n<li class=\"p1\"><span class=\"s1\" style=\"color: #787575;\">Direction artistique<\/span><\/li>\n<\/ul><\/div>\n<div class=\"grid__item two-twelfths portable--three-twelfths lap--six-twelfths palm--one-whole top-no-padding bottom-no-padding no-list-style\">\n<h3 class=\"p1\"><span class=\"weight_bold\">Technologie<\/span><\/h3>\n<ul><li class=\"p1\"><span class=\"s1\" style=\"color: #787575;\">Applications \/ Platforms<\/span><\/li>\n<li class=\"p1\"><span class=\"s1\" style=\"color: #787575;\">Front-end Development<\/span><\/li>\n<li class=\"p1\"><span class=\"s1\" style=\"color: #787575;\">Back-end Development<\/span><\/li>\n<li class=\"p1\"><span class=\"s1\" style=\"color: #787575;\">Web<\/span><\/li>\n<li class=\"p1\"><span class=\"s1\" style=\"color: #787575;\">E-Commerce<\/span><\/li>\n<li class=\"p1\"><span class=\"s1\" style=\"color: #787575;\">Mobile<\/span><\/li>\n<\/ul><\/div>\n<div class=\"grid__item two-twelfths portable--three-twelfths lap--hide palm--hide top-no-padding bottom-no-padding\"><\/div>\n<div class=\"grid__item eight-twelfths portable--auto lap--auto palm--auto top-medium-padding bottom-small-padding center\">\n<h3 class=\"p1\" style=\"text-align: center;\"><span class=\"weight_bold\"><b>Ils ont saisi les nouveaux d\u00e9fis en jeu<\/b><\/span><\/h3>\n<\/div>\n<\/div>","protected":false},"excerpt":{"rendered":"<p>Une Agence Cr\u00e9ative<\/p>","protected":false},"author":1,"featured_media":0,"parent":0,"menu_order":0,"comment_status":"closed","ping_status":"closed","template":"template-portfolio.php","meta":{"footnotes":""},"class_list":["post-3266","page","type-page","status-publish","hentry"],"yoast_head":"<!-- This site is optimized with the Yoast SEO Premium plugin v20.4 (Yoast SEO v20.4) - https:\/\/yoast.com\/wordpress\/plugins\/seo\/ -->\n<title>DigieTab | A Creative Agency<\/title>\n<meta name=\"description\" content=\"A Creative Agency based in Tunisia\u2014 working across different disciplines and helping brands to get distinction through design thinking, strategy and a complete collaborative approach\" \/>\n<meta name=\"robots\" content=\"index, follow, max-snippet:-1, max-image-preview:large, max-video-preview:-1\" \/>\n<link rel=\"canonical\" href=\"https:\/\/digietab.com\/fr\/\" \/>\n<meta property=\"og:locale\" content=\"fr_FR\" \/>\n<meta property=\"og:type\" content=\"article\" \/>\n<meta property=\"og:title\" content=\"DigieTab\" \/>\n<meta property=\"og:description\" content=\"A Creative Agency\" \/>\n<meta property=\"og:url\" content=\"https:\/\/digietab.com\/fr\/\" \/>\n<meta property=\"og:site_name\" content=\"DigieTab\" \/>\n<meta property=\"article:modified_time\" content=\"2023-08-09T10:17:34+00:00\" \/>\n<meta property=\"og:image\" content=\"https:\/\/digietab.com\/wp-content\/uploads\/2022\/05\/social-1.jpg\" \/>\n\t<meta property=\"og:image:width\" content=\"1200\" \/>\n\t<meta property=\"og:image:height\" content=\"630\" \/>\n\t<meta property=\"og:image:type\" content=\"image\/jpeg\" \/>\n<meta name=\"twitter:card\" content=\"summary_large_image\" \/>\n<meta name=\"twitter:title\" content=\"DigieTab\" \/>\n<meta name=\"twitter:description\" content=\"A Creative Agency\" \/>\n<meta name=\"twitter:image\" content=\"https:\/\/digietab.com\/wp-content\/uploads\/2022\/05\/social-1.jpg\" \/>\n<meta name=\"twitter:label1\" content=\"Dur\u00e9e de lecture estim\u00e9e\" \/>\n\t<meta name=\"twitter:data1\" content=\"2 minutes\" \/>\n<script type=\"application\/ld+json\" class=\"yoast-schema-graph\">{\"@context\":\"https:\/\/schema.org\",\"@graph\":[{\"@type\":\"WebPage\",\"@id\":\"https:\/\/digietab.com\/\",\"url\":\"https:\/\/digietab.com\/\",\"name\":\"DigieTab | A Creative Agency\",\"isPartOf\":{\"@id\":\"https:\/\/digietab.com\/#website\"},\"datePublished\":\"2017-11-14T08:13:29+00:00\",\"dateModified\":\"2023-08-09T10:17:34+00:00\",\"description\":\"A Creative Agency based in Tunisia\u2014 working across different disciplines and helping brands to get distinction through design thinking, strategy and a complete collaborative approach\",\"breadcrumb\":{\"@id\":\"https:\/\/digietab.com\/#breadcrumb\"},\"inLanguage\":\"fr-FR\",\"potentialAction\":[{\"@type\":\"ReadAction\",\"target\":[\"https:\/\/digietab.com\/\"]}]},{\"@type\":\"BreadcrumbList\",\"@id\":\"https:\/\/digietab.com\/#breadcrumb\",\"itemListElement\":[{\"@type\":\"ListItem\",\"position\":1,\"name\":\"Home\",\"item\":\"https:\/\/digietab.com\/\"},{\"@type\":\"ListItem\",\"position\":2,\"name\":\"DigieTab\"}]},{\"@type\":\"WebSite\",\"@id\":\"https:\/\/digietab.com\/#website\",\"url\":\"https:\/\/digietab.com\/\",\"name\":\"DigieTab\",\"description\":\"Creative Agency\",\"publisher\":{\"@id\":\"https:\/\/digietab.com\/#organization\"},\"potentialAction\":[{\"@type\":\"SearchAction\",\"target\":{\"@type\":\"EntryPoint\",\"urlTemplate\":\"https:\/\/digietab.com\/?s={search_term_string}\"},\"query-input\":\"required name=search_term_string\"}],\"inLanguage\":\"fr-FR\"},{\"@type\":\"Organization\",\"@id\":\"https:\/\/digietab.com\/#organization\",\"name\":\"DigieTab\",\"url\":\"https:\/\/digietab.com\/\",\"logo\":{\"@type\":\"ImageObject\",\"inLanguage\":\"fr-FR\",\"@id\":\"https:\/\/digietab.com\/#\/schema\/logo\/image\/\",\"url\":\"https:\/\/digietab.com\/wp-content\/uploads\/2022\/04\/logo-r3.png\",\"contentUrl\":\"https:\/\/digietab.com\/wp-content\/uploads\/2022\/04\/logo-r3.png\",\"width\":500,\"height\":212,\"caption\":\"DigieTab\"},\"image\":{\"@id\":\"https:\/\/digietab.com\/#\/schema\/logo\/image\/\"}}]}<\/script>\n<!-- \/ Yoast SEO Premium plugin. -->","yoast_head_json":{"title":"DigieTab | A Creative Agency","description":"A Creative Agency based in Tunisia\u2014 working across different disciplines and helping brands to get distinction through design thinking, strategy and a complete collaborative approach","robots":{"index":"index","follow":"follow","max-snippet":"max-snippet:-1","max-image-preview":"max-image-preview:large","max-video-preview":"max-video-preview:-1"},"canonical":"https:\/\/digietab.com\/fr\/","og_locale":"fr_FR","og_type":"article","og_title":"DigieTab","og_description":"A Creative Agency","og_url":"https:\/\/digietab.com\/fr\/","og_site_name":"DigieTab","article_modified_time":"2023-08-09T10:17:34+00:00","og_image":[{"width":1200,"height":630,"url":"https:\/\/digietab.com\/wp-content\/uploads\/2022\/05\/social-1.jpg","type":"image\/jpeg"}],"twitter_card":"summary_large_image","twitter_title":"DigieTab","twitter_description":"A Creative Agency","twitter_image":"https:\/\/digietab.com\/wp-content\/uploads\/2022\/05\/social-1.jpg","twitter_misc":{"Dur\u00e9e de lecture estim\u00e9e":"2 minutes"},"schema":{"@context":"https:\/\/schema.org","@graph":[{"@type":"WebPage","@id":"https:\/\/digietab.com\/","url":"https:\/\/digietab.com\/","name":"DigieTab | A Creative Agency","isPartOf":{"@id":"https:\/\/digietab.com\/#website"},"datePublished":"2017-11-14T08:13:29+00:00","dateModified":"2023-08-09T10:17:34+00:00","description":"A Creative Agency based in Tunisia\u2014 working across different disciplines and helping brands to get distinction through design thinking, strategy and a complete collaborative approach","breadcrumb":{"@id":"https:\/\/digietab.com\/#breadcrumb"},"inLanguage":"fr-FR","potentialAction":[{"@type":"ReadAction","target":["https:\/\/digietab.com\/"]}]},{"@type":"BreadcrumbList","@id":"https:\/\/digietab.com\/#breadcrumb","itemListElement":[{"@type":"ListItem","position":1,"name":"Home","item":"https:\/\/digietab.com\/"},{"@type":"ListItem","position":2,"name":"DigieTab"}]},{"@type":"WebSite","@id":"https:\/\/digietab.com\/#website","url":"https:\/\/digietab.com\/","name":"DigieTab","description":"Creative Agency","publisher":{"@id":"https:\/\/digietab.com\/#organization"},"potentialAction":[{"@type":"SearchAction","target":{"@type":"EntryPoint","urlTemplate":"https:\/\/digietab.com\/?s={search_term_string}"},"query-input":"required name=search_term_string"}],"inLanguage":"fr-FR"},{"@type":"Organization","@id":"https:\/\/digietab.com\/#organization","name":"DigieTab","url":"https:\/\/digietab.com\/","logo":{"@type":"ImageObject","inLanguage":"fr-FR","@id":"https:\/\/digietab.com\/#\/schema\/logo\/image\/","url":"https:\/\/digietab.com\/wp-content\/uploads\/2022\/04\/logo-r3.png","contentUrl":"https:\/\/digietab.com\/wp-content\/uploads\/2022\/04\/logo-r3.png","width":500,"height":212,"caption":"DigieTab"},"image":{"@id":"https:\/\/digietab.com\/#\/schema\/logo\/image\/"}}]}},"_links":{"self":[{"href":"https:\/\/digietab.com\/fr\/wp-json\/wp\/v2\/pages\/3266","targetHints":{"allow":["GET"]}}],"collection":[{"href":"https:\/\/digietab.com\/fr\/wp-json\/wp\/v2\/pages"}],"about":[{"href":"https:\/\/digietab.com\/fr\/wp-json\/wp\/v2\/types\/page"}],"author":[{"embeddable":true,"href":"https:\/\/digietab.com\/fr\/wp-json\/wp\/v2\/users\/1"}],"replies":[{"embeddable":true,"href":"https:\/\/digietab.com\/fr\/wp-json\/wp\/v2\/comments?post=3266"}],"version-history":[{"count":0,"href":"https:\/\/digietab.com\/fr\/wp-json\/wp\/v2\/pages\/3266\/revisions"}],"wp:attachment":[{"href":"https:\/\/digietab.com\/fr\/wp-json\/wp\/v2\/media?parent=3266"}],"curies":[{"name":"wp","href":"https:\/\/api.w.org\/{rel}","templated":true}]}}